{"id":6906,"date":"2016-03-03T17:24:17","date_gmt":"2016-03-03T15:24:17","guid":{"rendered":"https:\/\/premia.ee\/ajalugu\/"},"modified":"2023-04-24T15:57:54","modified_gmt":"2023-04-24T12:57:54","slug":"introduction","status":"publish","type":"page","link":"https:\/\/premia.ee\/en\/ettevottest\/introduction\/","title":{"rendered":"Introduction"},"content":{"rendered":"<h2><img loading=\"lazy\" decoding=\"async\" class=\" wp-image-1251 alignright\" src=\"https:\/\/premia.ee\/wordpress\/wp-content\/uploads\/2016\/03\/Untitled-4-300x267.jpg\" alt=\"Untitled-4\" width=\"372\" height=\"331\" srcset=\"https:\/\/premia.ee\/wordpress\/wp-content\/uploads\/2016\/03\/Untitled-4-300x267.jpg 300w, https:\/\/premia.ee\/wordpress\/wp-content\/uploads\/2016\/03\/Untitled-4-675x600.jpg 675w, https:\/\/premia.ee\/wordpress\/wp-content\/uploads\/2016\/03\/Untitled-4-500x445.jpg 500w, https:\/\/premia.ee\/wordpress\/wp-content\/uploads\/2016\/03\/Untitled-4.jpg 679w\" sizes=\"auto, (max-width: 372px) 100vw, 372px\" \/><\/h2>\n<h2>BELOVED ESTONIAN ICE CREAMS SINCE 1956<\/h2>\n<p>Premia Tallinna K\u00fclmhoone is<strong> the largest and oldest ice cream producer in Estonia<\/strong>. The history of our ice cream dates back to 1956, when ice cream production started in a factory on Peterburi road in Tallinn. The sweet and tasty ice cream treat has been going strong for over 65 years and we still operate in the historic location today.<\/p>\n<p><img loading=\"lazy\" decoding=\"async\" class=\" wp-image-1272 alignleft\" src=\"https:\/\/premia.ee\/wordpress\/wp-content\/uploads\/2016\/03\/jatsikofik-220x300.jpg\" alt=\"jatsikofik\" width=\"315\" height=\"430\" srcset=\"https:\/\/premia.ee\/wordpress\/wp-content\/uploads\/2016\/03\/jatsikofik-220x300.jpg 220w, https:\/\/premia.ee\/wordpress\/wp-content\/uploads\/2016\/03\/jatsikofik-439x600.jpg 439w, https:\/\/premia.ee\/wordpress\/wp-content\/uploads\/2016\/03\/jatsikofik-366x500.jpg 366w, https:\/\/premia.ee\/wordpress\/wp-content\/uploads\/2016\/03\/jatsikofik.jpg 517w\" sizes=\"auto, (max-width: 315px) 100vw, 315px\" \/>Premia employs a total of 200 people, and every year we deliver around 5 000 tons of ice cream to ice cream lovers on both domestic and export markets. We are <strong>the overwhelming leader of the Estonian ice cream market with a 40% market share<\/strong>, and our brands <strong><a href=\"https:\/\/premia.ee\/en\/jaatised\/eriti-rammus\/\">Eriti Rammus<\/a><\/strong>, <strong><a href=\"https:\/\/premia.ee\/en\/jaatised\/premia-family-sized-ice-creams\/\">Premia<\/a><\/strong> and<strong> <a href=\"https:\/\/premia.ee\/en\/jaatised\/vaike-tom\/\">V\u00e4ike Tom<\/a><\/strong> are among the top three ice cream favorites of Estonian ice cream lovers. Other well-known and loved ice cream brands include <strong><a href=\"https:\/\/premia.ee\/en\/jaatised\/regatt\/\">Regatt<\/a><\/strong> and <strong><a href=\"https:\/\/premia.ee\/en\/jaatised\/vana-toomas\/\">Vana Toomas<\/a><\/strong>. At Premia, we&#8217;ve stayed true to tradition and our cream ice creams are made from pure fresh cream, free from preservatives and trans fatty acids.<\/p>\n<p>As we have one of the largest cold storage facilities in Estonia at our disposal, we have plenty of space for other frozen goods in addition to ice cream. Our product range includes a wide selection of frozen vegetables, berries, dumplings, fricadels and pizzas under the <strong>Pealinna<\/strong> and <strong>Maah\u00e4rra<\/strong> brands.<\/p>\n<p>From spring 2020 we are the official distributor of the well-known and beloved Latvian dairy products K\u0101rums, Dzintars, Ras\u0113ns and Lakto in Estonia. In the autumn of 2021, we also entered the dairy market with our own brand and launched V\u00e4ike Tom curd snacks.<\/p>\n<p>Since 2014, we have been part of the international Food Union group, which brings together leading ice cream and dairy producers in the Nordic countries, the rest of Europe and even Asia.<\/p>\n","protected":false},"excerpt":{"rendered":"<p>BELOVED ESTONIAN ICE CREAMS SINCE 1956 Premia Tallinna K\u00fclmhoone is the largest and oldest ice cream producer in Estonia. The history of our ice cream dates back to 1956, when ice cream production started in a factory on Peterburi road in Tallinn. The sweet and tasty ice cream treat has been going strong for over&#8230;<\/p>\n","protected":false},"author":1,"featured_media":0,"parent":7446,"menu_order":37,"comment_status":"closed","ping_status":"closed","template":"page-templates\/page-full.php","meta":{"_acf_changed":false,"footnotes":""},"class_list":["post-6906","page","type-page","status-publish","hentry"],"acf":[],"yoast_head":"<!-- This site is optimized with the Yoast SEO plugin v26.7 - https:\/\/yoast.com\/wordpress\/plugins\/seo\/ -->\n<title>Introduction - Premia<\/title>\n<meta name=\"robots\" content=\"index, follow, max-snippet:-1, max-image-preview:large, max-video-preview:-1\" \/>\n<link rel=\"canonical\" href=\"https:\/\/premia.ee\/en\/ettevottest\/introduction\/\" \/>\n<meta property=\"og:locale\" content=\"en_US\" \/>\n<meta property=\"og:type\" content=\"article\" \/>\n<meta property=\"og:title\" content=\"Introduction - Premia\" \/>\n<meta property=\"og:description\" content=\"BELOVED ESTONIAN ICE CREAMS SINCE 1956 Premia Tallinna K\u00fclmhoone is the largest and oldest ice cream producer in Estonia. The history of our ice cream dates back to 1956, when ice cream production started in a factory on Peterburi road in Tallinn. The sweet and tasty ice cream treat has been going strong for over...\" \/>\n<meta property=\"og:url\" content=\"https:\/\/premia.ee\/en\/ettevottest\/introduction\/\" \/>\n<meta property=\"og:site_name\" content=\"Premia\" \/>\n<meta property=\"article:modified_time\" content=\"2023-04-24T12:57:54+00:00\" \/>\n<meta property=\"og:image\" content=\"https:\/\/premia.ee\/wordpress\/wp-content\/uploads\/2016\/03\/Untitled-4-300x267.jpg\" \/>\n<meta name=\"twitter:card\" content=\"summary_large_image\" \/>\n<meta name=\"twitter:label1\" content=\"Est. reading time\" \/>\n\t<meta name=\"twitter:data1\" content=\"2 minutes\" \/>\n<script type=\"application\/ld+json\" class=\"yoast-schema-graph\">{\"@context\":\"https:\/\/schema.org\",\"@graph\":[{\"@type\":\"WebPage\",\"@id\":\"https:\/\/premia.ee\/en\/ettevottest\/introduction\/\",\"url\":\"https:\/\/premia.ee\/en\/ettevottest\/introduction\/\",\"name\":\"Introduction - Premia\",\"isPartOf\":{\"@id\":\"https:\/\/premia.ee\/#website\"},\"primaryImageOfPage\":{\"@id\":\"https:\/\/premia.ee\/en\/ettevottest\/introduction\/#primaryimage\"},\"image\":{\"@id\":\"https:\/\/premia.ee\/en\/ettevottest\/introduction\/#primaryimage\"},\"thumbnailUrl\":\"https:\/\/premia.ee\/wordpress\/wp-content\/uploads\/2016\/03\/Untitled-4-300x267.jpg\",\"datePublished\":\"2016-03-03T15:24:17+00:00\",\"dateModified\":\"2023-04-24T12:57:54+00:00\",\"breadcrumb\":{\"@id\":\"https:\/\/premia.ee\/en\/ettevottest\/introduction\/#breadcrumb\"},\"inLanguage\":\"en-US\",\"potentialAction\":[{\"@type\":\"ReadAction\",\"target\":[\"https:\/\/premia.ee\/en\/ettevottest\/introduction\/\"]}]},{\"@type\":\"ImageObject\",\"inLanguage\":\"en-US\",\"@id\":\"https:\/\/premia.ee\/en\/ettevottest\/introduction\/#primaryimage\",\"url\":\"https:\/\/premia.ee\/wordpress\/wp-content\/uploads\/2016\/03\/Untitled-4-300x267.jpg\",\"contentUrl\":\"https:\/\/premia.ee\/wordpress\/wp-content\/uploads\/2016\/03\/Untitled-4-300x267.jpg\"},{\"@type\":\"BreadcrumbList\",\"@id\":\"https:\/\/premia.ee\/en\/ettevottest\/introduction\/#breadcrumb\",\"itemListElement\":[{\"@type\":\"ListItem\",\"position\":1,\"name\":\"Home\",\"item\":\"https:\/\/premia.ee\/en\/\"},{\"@type\":\"ListItem\",\"position\":2,\"name\":\"About the company\",\"item\":\"https:\/\/premia.ee\/en\/ettevottest\/\"},{\"@type\":\"ListItem\",\"position\":3,\"name\":\"Introduction\"}]},{\"@type\":\"WebSite\",\"@id\":\"https:\/\/premia.ee\/#website\",\"url\":\"https:\/\/premia.ee\/\",\"name\":\"Premia\",\"description\":\"Just another WordPress site\",\"potentialAction\":[{\"@type\":\"SearchAction\",\"target\":{\"@type\":\"EntryPoint\",\"urlTemplate\":\"https:\/\/premia.ee\/?s={search_term_string}\"},\"query-input\":{\"@type\":\"PropertyValueSpecification\",\"valueRequired\":true,\"valueName\":\"search_term_string\"}}],\"inLanguage\":\"en-US\"}]}<\/script>\n<!-- \/ Yoast SEO plugin. -->","yoast_head_json":{"title":"Introduction - Premia","robots":{"index":"index","follow":"follow","max-snippet":"max-snippet:-1","max-image-preview":"max-image-preview:large","max-video-preview":"max-video-preview:-1"},"canonical":"https:\/\/premia.ee\/en\/ettevottest\/introduction\/","og_locale":"en_US","og_type":"article","og_title":"Introduction - Premia","og_description":"BELOVED ESTONIAN ICE CREAMS SINCE 1956 Premia Tallinna K\u00fclmhoone is the largest and oldest ice cream producer in Estonia. The history of our ice cream dates back to 1956, when ice cream production started in a factory on Peterburi road in Tallinn. The sweet and tasty ice cream treat has been going strong for over...","og_url":"https:\/\/premia.ee\/en\/ettevottest\/introduction\/","og_site_name":"Premia","article_modified_time":"2023-04-24T12:57:54+00:00","og_image":[{"url":"https:\/\/premia.ee\/wordpress\/wp-content\/uploads\/2016\/03\/Untitled-4-300x267.jpg","type":"","width":"","height":""}],"twitter_card":"summary_large_image","twitter_misc":{"Est. reading time":"2 minutes"},"schema":{"@context":"https:\/\/schema.org","@graph":[{"@type":"WebPage","@id":"https:\/\/premia.ee\/en\/ettevottest\/introduction\/","url":"https:\/\/premia.ee\/en\/ettevottest\/introduction\/","name":"Introduction - Premia","isPartOf":{"@id":"https:\/\/premia.ee\/#website"},"primaryImageOfPage":{"@id":"https:\/\/premia.ee\/en\/ettevottest\/introduction\/#primaryimage"},"image":{"@id":"https:\/\/premia.ee\/en\/ettevottest\/introduction\/#primaryimage"},"thumbnailUrl":"https:\/\/premia.ee\/wordpress\/wp-content\/uploads\/2016\/03\/Untitled-4-300x267.jpg","datePublished":"2016-03-03T15:24:17+00:00","dateModified":"2023-04-24T12:57:54+00:00","breadcrumb":{"@id":"https:\/\/premia.ee\/en\/ettevottest\/introduction\/#breadcrumb"},"inLanguage":"en-US","potentialAction":[{"@type":"ReadAction","target":["https:\/\/premia.ee\/en\/ettevottest\/introduction\/"]}]},{"@type":"ImageObject","inLanguage":"en-US","@id":"https:\/\/premia.ee\/en\/ettevottest\/introduction\/#primaryimage","url":"https:\/\/premia.ee\/wordpress\/wp-content\/uploads\/2016\/03\/Untitled-4-300x267.jpg","contentUrl":"https:\/\/premia.ee\/wordpress\/wp-content\/uploads\/2016\/03\/Untitled-4-300x267.jpg"},{"@type":"BreadcrumbList","@id":"https:\/\/premia.ee\/en\/ettevottest\/introduction\/#breadcrumb","itemListElement":[{"@type":"ListItem","position":1,"name":"Home","item":"https:\/\/premia.ee\/en\/"},{"@type":"ListItem","position":2,"name":"About the company","item":"https:\/\/premia.ee\/en\/ettevottest\/"},{"@type":"ListItem","position":3,"name":"Introduction"}]},{"@type":"WebSite","@id":"https:\/\/premia.ee\/#website","url":"https:\/\/premia.ee\/","name":"Premia","description":"Just another WordPress site","potentialAction":[{"@type":"SearchAction","target":{"@type":"EntryPoint","urlTemplate":"https:\/\/premia.ee\/?s={search_term_string}"},"query-input":{"@type":"PropertyValueSpecification","valueRequired":true,"valueName":"search_term_string"}}],"inLanguage":"en-US"}]}},"_links":{"self":[{"href":"https:\/\/premia.ee\/en\/wp-json\/wp\/v2\/pages\/6906","targetHints":{"allow":["GET"]}}],"collection":[{"href":"https:\/\/premia.ee\/en\/wp-json\/wp\/v2\/pages"}],"about":[{"href":"https:\/\/premia.ee\/en\/wp-json\/wp\/v2\/types\/page"}],"author":[{"embeddable":true,"href":"https:\/\/premia.ee\/en\/wp-json\/wp\/v2\/users\/1"}],"replies":[{"embeddable":true,"href":"https:\/\/premia.ee\/en\/wp-json\/wp\/v2\/comments?post=6906"}],"version-history":[{"count":0,"href":"https:\/\/premia.ee\/en\/wp-json\/wp\/v2\/pages\/6906\/revisions"}],"up":[{"embeddable":true,"href":"https:\/\/premia.ee\/en\/wp-json\/wp\/v2\/pages\/7446"}],"wp:attachment":[{"href":"https:\/\/premia.ee\/en\/wp-json\/wp\/v2\/media?parent=6906"}],"curies":[{"name":"wp","href":"https:\/\/api.w.org\/{rel}","templated":true}]}}